{"id":1422,"date":"2021-11-30T14:45:24","date_gmt":"2021-11-30T14:45:24","guid":{"rendered":"https:\/\/visitholar.is\/boka-ibud\/"},"modified":"2023-05-31T11:46:56","modified_gmt":"2023-05-31T11:46:56","slug":"boka-ibud","status":"publish","type":"page","link":"https:\/\/visitholar.is\/is\/boka-ibud\/","title":{"rendered":"B\u00f3ka \u00edb\u00fa\u00f0"},"content":{"rendered":"\t\t<div data-elementor-type=\"wp-page\" data-elementor-id=\"1422\" class=\"elementor elementor-1422 elementor-1199\" data-elementor-post-type=\"page\">\n\t\t\t\t\t\t<section class=\"elementor-section elementor-top-section elementor-element elementor-element-1320a09 elementor-section-boxed elementor-section-height-default elementor-section-height-default\" data-id=\"1320a09\" data-element_type=\"section\" data-e-type=\"section\">\n\t\t\t\t\t\t<div class=\"elementor-container elementor-column-gap-default\">\n\t\t\t\t\t<div class=\"elementor-column elementor-col-100 elementor-top-column elementor-element elementor-element-108f28f\" data-id=\"108f28f\" data-element_type=\"column\" data-e-type=\"column\">\n\t\t\t<div class=\"elementor-widget-wrap elementor-element-populated\">\n\t\t\t\t\t\t<section class=\"elementor-section elementor-inner-section elementor-element elementor-element-6029f37 elementor-section-boxed elementor-section-height-default elementor-section-height-default\" data-id=\"6029f37\" data-element_type=\"section\" data-e-type=\"section\">\n\t\t\t\t\t\t<div class=\"elementor-container elementor-column-gap-default\">\n\t\t\t\t\t<div class=\"elementor-column elementor-col-100 elementor-inner-column elementor-element elementor-element-631e92c\" data-id=\"631e92c\" data-element_type=\"column\" data-e-type=\"column\">\n\t\t\t<div class=\"elementor-widget-wrap elementor-element-populated\">\n\t\t\t\t\t\t<div class=\"elementor-element elementor-element-fbc8c6d elementor-widget elementor-widget-html\" data-id=\"fbc8c6d\" data-element_type=\"widget\" data-e-type=\"widget\" data-widget_type=\"html.default\">\n\t\t\t\t<div class=\"elementor-widget-container\">\n\t\t\t\t\t<iframe src =\"https:\/\/property.godo.is\/booking.php?roomid=291078&invoiceeid=44096&referer=iframe\" width=\"100%\" height=\"1200\" style=\"max-width:100%;border:none;overflow:auto;\"><p><a href=\"https:\/\/property.godo.is\/booking.php?roomid=291078&invoiceeid=44096&referer=iframe\" title=\"Book Now\">Book Now<\/a><\/p><\/iframe>\t\t\t\t<\/div>\n\t\t\t\t<\/div>\n\t\t\t\t\t<\/div>\n\t\t<\/div>\n\t\t\t\t\t<\/div>\n\t\t<\/section>\n\t\t\t\t\t<\/div>\n\t\t<\/div>\n\t\t\t\t\t<\/div>\n\t\t<\/section>\n\t\t\t\t<\/div>\n\t\t","protected":false},"excerpt":{"rendered":"<p>Book Now<\/p>\n","protected":false},"author":2,"featured_media":0,"parent":0,"menu_order":0,"comment_status":"closed","ping_status":"closed","template":"","meta":{"footnotes":""},"class_list":["post-1422","page","type-page","status-publish","hentry"],"_links":{"self":[{"href":"https:\/\/visitholar.is\/is\/wp-json\/wp\/v2\/pages\/1422","targetHints":{"allow":["GET"]}}],"collection":[{"href":"https:\/\/visitholar.is\/is\/wp-json\/wp\/v2\/pages"}],"about":[{"href":"https:\/\/visitholar.is\/is\/wp-json\/wp\/v2\/types\/page"}],"author":[{"embeddable":true,"href":"https:\/\/visitholar.is\/is\/wp-json\/wp\/v2\/users\/2"}],"replies":[{"embeddable":true,"href":"https:\/\/visitholar.is\/is\/wp-json\/wp\/v2\/comments?post=1422"}],"version-history":[{"count":2,"href":"https:\/\/visitholar.is\/is\/wp-json\/wp\/v2\/pages\/1422\/revisions"}],"predecessor-version":[{"id":2070,"href":"https:\/\/visitholar.is\/is\/wp-json\/wp\/v2\/pages\/1422\/revisions\/2070"}],"wp:attachment":[{"href":"https:\/\/visitholar.is\/is\/wp-json\/wp\/v2\/media?parent=1422"}],"curies":[{"name":"wp","href":"https:\/\/api.w.org\/{rel}","templated":true}]}}