{"id":1428,"date":"2021-11-30T14:46:01","date_gmt":"2021-11-30T14:46:01","guid":{"rendered":"https:\/\/visitholar.is\/boka-minni-bustad\/"},"modified":"2023-05-31T11:47:16","modified_gmt":"2023-05-31T11:47:16","slug":"boka-minni-bustad","status":"publish","type":"page","link":"https:\/\/visitholar.is\/is\/boka-minni-bustad\/","title":{"rendered":"B\u00f3ka minni b\u00fasta\u00f0"},"content":{"rendered":"\t\t<div data-elementor-type=\"wp-page\" data-elementor-id=\"1428\" class=\"elementor elementor-1428 elementor-1161\" data-elementor-post-type=\"page\">\n\t\t\t\t\t\t<section class=\"elementor-section elementor-top-section elementor-element elementor-element-6d387b1 elementor-section-boxed elementor-section-height-default elementor-section-height-default\" data-id=\"6d387b1\" data-element_type=\"section\" data-e-type=\"section\">\n\t\t\t\t\t\t<div class=\"elementor-container elementor-column-gap-default\">\n\t\t\t\t\t<div class=\"elementor-column elementor-col-100 elementor-top-column elementor-element elementor-element-606fc8e\" data-id=\"606fc8e\" data-element_type=\"column\" data-e-type=\"column\">\n\t\t\t<div class=\"elementor-widget-wrap elementor-element-populated\">\n\t\t\t\t\t\t<section class=\"elementor-section elementor-inner-section elementor-element elementor-element-427c313 elementor-section-boxed elementor-section-height-default elementor-section-height-default\" data-id=\"427c313\" data-element_type=\"section\" data-e-type=\"section\">\n\t\t\t\t\t\t<div class=\"elementor-container elementor-column-gap-default\">\n\t\t\t\t\t<div class=\"elementor-column elementor-col-100 elementor-inner-column elementor-element elementor-element-b726ca4\" data-id=\"b726ca4\" data-element_type=\"column\" data-e-type=\"column\">\n\t\t\t<div class=\"elementor-widget-wrap elementor-element-populated\">\n\t\t\t\t\t\t<div class=\"elementor-element elementor-element-2eeb436 elementor-widget elementor-widget-html\" data-id=\"2eeb436\" data-element_type=\"widget\" data-e-type=\"widget\" data-widget_type=\"html.default\">\n\t\t\t\t<div class=\"elementor-widget-container\">\n\t\t\t\t\t<iframe src =\"https:\/\/property.godo.is\/booking.php?roomid=291079&invoiceeid=44096&referer=iframe\" width=\"100%\" height=\"1600\" style=\"max-width:100%;border:none;overflow:auto;\"><p><a href=\"https:\/\/property.godo.is\/booking.php?roomid=291079&invoiceeid=44096&referer=iframe\" title=\"Book Now\">Book Now<\/a><\/p><\/iframe>\t\t\t\t<\/div>\n\t\t\t\t<\/div>\n\t\t\t\t\t<\/div>\n\t\t<\/div>\n\t\t\t\t\t<\/div>\n\t\t<\/section>\n\t\t\t\t\t<\/div>\n\t\t<\/div>\n\t\t\t\t\t<\/div>\n\t\t<\/section>\n\t\t\t\t<\/div>\n\t\t","protected":false},"excerpt":{"rendered":"<p>Book Now<\/p>\n","protected":false},"author":2,"featured_media":0,"parent":0,"menu_order":0,"comment_status":"closed","ping_status":"closed","template":"","meta":{"footnotes":""},"class_list":["post-1428","page","type-page","status-publish","hentry"],"_links":{"self":[{"href":"https:\/\/visitholar.is\/is\/wp-json\/wp\/v2\/pages\/1428","targetHints":{"allow":["GET"]}}],"collection":[{"href":"https:\/\/visitholar.is\/is\/wp-json\/wp\/v2\/pages"}],"about":[{"href":"https:\/\/visitholar.is\/is\/wp-json\/wp\/v2\/types\/page"}],"author":[{"embeddable":true,"href":"https:\/\/visitholar.is\/is\/wp-json\/wp\/v2\/users\/2"}],"replies":[{"embeddable":true,"href":"https:\/\/visitholar.is\/is\/wp-json\/wp\/v2\/comments?post=1428"}],"version-history":[{"count":2,"href":"https:\/\/visitholar.is\/is\/wp-json\/wp\/v2\/pages\/1428\/revisions"}],"predecessor-version":[{"id":2072,"href":"https:\/\/visitholar.is\/is\/wp-json\/wp\/v2\/pages\/1428\/revisions\/2072"}],"wp:attachment":[{"href":"https:\/\/visitholar.is\/is\/wp-json\/wp\/v2\/media?parent=1428"}],"curies":[{"name":"wp","href":"https:\/\/api.w.org\/{rel}","templated":true}]}}