{"id":1444,"date":"2021-11-30T15:29:46","date_gmt":"2021-11-30T15:29:46","guid":{"rendered":"https:\/\/visitholar.is\/vinna-hja-hjaltadalir-travel\/"},"modified":"2021-12-10T16:04:18","modified_gmt":"2021-12-10T16:04:18","slug":"vinna-hja-hjaltadalir-travel","status":"publish","type":"page","link":"https:\/\/visitholar.is\/is\/vinna-hja-hjaltadalir-travel\/","title":{"rendered":"St\u00f6rf hj\u00e1 Hjaltadal fer\u00f0a\u00fej\u00f3nustu"},"content":{"rendered":"\t\t<div data-elementor-type=\"wp-page\" data-elementor-id=\"1444\" class=\"elementor elementor-1444 elementor-1337\" data-elementor-post-type=\"page\">\n\t\t\t\t\t\t<section class=\"elementor-section elementor-top-section elementor-element elementor-element-73ff2af elementor-section-boxed elementor-section-height-default elementor-section-height-default\" data-id=\"73ff2af\" data-element_type=\"section\" data-e-type=\"section\">\n\t\t\t\t\t\t<div class=\"elementor-container elementor-column-gap-default\">\n\t\t\t\t\t<div class=\"elementor-column elementor-col-100 elementor-top-column elementor-element elementor-element-4e79f30\" data-id=\"4e79f30\" data-element_type=\"column\" data-e-type=\"column\">\n\t\t\t<div class=\"elementor-widget-wrap elementor-element-populated\">\n\t\t\t\t\t\t<div class=\"elementor-element elementor-element-996a614 elementor-widget elementor-widget-text-editor\" data-id=\"996a614\" data-element_type=\"widget\" data-e-type=\"widget\" data-widget_type=\"text-editor.default\">\n\t\t\t\t<div class=\"elementor-widget-container\">\n\t\t\t\t\t\t\t\t\t<p class=\"blue\">Vinnusamur, \u00fej\u00f3nustumi\u00f0a\u00f0ur og \u00e1byrgur einstaklingur \u00f3skast!<\/p>\n<p class=\"blue\">Vi\u00f0 hj\u00e1 Hjaltadal erum a\u00f0 leita a\u00f0 g\u00f3\u00f0u f\u00f3lki til a\u00f0 starfa me\u00f0!<\/p>\n<div>\n<p class=\"\">Sem stendur leitum vi\u00f0 a\u00f0 einhverjum sem vill vinna a\u00f0 hluta til vi\u00f0 \u00ferif og a\u00f0 hluta \u00e1 veitingasta\u00f0num okkar.<\/p>\n<p class=\"\">Haf\u00f0u samband vi\u00f0 gustaf@visitholar.is til a\u00f0 n\u00e1lgast frekari uppl\u00fdsingar e\u00f0a hringdu \u00ed 662 4156.<\/p>\n<\/div>\n\t\t\t\t\t\t\t\t<\/div>\n\t\t\t\t<\/div>\n\t\t\t\t\t<\/div>\n\t\t<\/div>\n\t\t\t\t\t<\/div>\n\t\t<\/section>\n\t\t\t\t<\/div>\n\t\t","protected":false},"excerpt":{"rendered":"<p>Vinnusamur, \u00fej\u00f3nustumi\u00f0a\u00f0ur og \u00e1byrgur einstaklingur \u00f3skast! Vi\u00f0 hj\u00e1 Hjaltadal erum a\u00f0 leita a\u00f0 g\u00f3\u00f0u f\u00f3lki til a\u00f0 starfa me\u00f0! Sem stendur leitum vi\u00f0 a\u00f0 einhverjum sem vill vinna a\u00f0 hluta til vi\u00f0 \u00ferif og a\u00f0 hluta \u00e1 veitingasta\u00f0num okkar. Haf\u00f0u samband vi\u00f0 gustaf@visitholar.is til a\u00f0 n\u00e1lgast frekari uppl\u00fdsingar e\u00f0a hringdu \u00ed 662 4156.<\/p>\n","protected":false},"author":4,"featured_media":0,"parent":0,"menu_order":0,"comment_status":"closed","ping_status":"closed","template":"","meta":{"footnotes":""},"class_list":["post-1444","page","type-page","status-publish","hentry"],"_links":{"self":[{"href":"https:\/\/visitholar.is\/is\/wp-json\/wp\/v2\/pages\/1444","targetHints":{"allow":["GET"]}}],"collection":[{"href":"https:\/\/visitholar.is\/is\/wp-json\/wp\/v2\/pages"}],"about":[{"href":"https:\/\/visitholar.is\/is\/wp-json\/wp\/v2\/types\/page"}],"author":[{"embeddable":true,"href":"https:\/\/visitholar.is\/is\/wp-json\/wp\/v2\/users\/4"}],"replies":[{"embeddable":true,"href":"https:\/\/visitholar.is\/is\/wp-json\/wp\/v2\/comments?post=1444"}],"version-history":[{"count":6,"href":"https:\/\/visitholar.is\/is\/wp-json\/wp\/v2\/pages\/1444\/revisions"}],"predecessor-version":[{"id":1532,"href":"https:\/\/visitholar.is\/is\/wp-json\/wp\/v2\/pages\/1444\/revisions\/1532"}],"wp:attachment":[{"href":"https:\/\/visitholar.is\/is\/wp-json\/wp\/v2\/media?parent=1444"}],"curies":[{"name":"wp","href":"https:\/\/api.w.org\/{rel}","templated":true}]}}