{"id":1456,"date":"2021-12-02T21:42:59","date_gmt":"2021-12-02T21:42:59","guid":{"rendered":"https:\/\/visitholar.is\/um-okkur\/"},"modified":"2022-05-05T13:58:19","modified_gmt":"2022-05-05T13:58:19","slug":"um-okkur","status":"publish","type":"page","link":"https:\/\/visitholar.is\/is\/um-okkur\/","title":{"rendered":"Um okkur"},"content":{"rendered":"\t\t<div data-elementor-type=\"wp-page\" data-elementor-id=\"1456\" class=\"elementor elementor-1456 elementor-98\" data-elementor-post-type=\"page\">\n\t\t\t\t\t\t<section class=\"elementor-section elementor-top-section elementor-element elementor-element-c75216c elementor-section-height-min-height elementor-section-boxed elementor-section-height-default elementor-section-items-middle\" data-id=\"c75216c\" data-element_type=\"section\" data-e-type=\"section\" data-settings=\"{&quot;background_background&quot;:&quot;slideshow&quot;,&quot;background_motion_fx_translateY_effect&quot;:&quot;yes&quot;,&quot;background_slideshow_gallery&quot;:[{&quot;id&quot;:598,&quot;url&quot;:&quot;https:\\\/\\\/visitholar.is\\\/wp-content\\\/uploads\\\/Holar-HG-1.jpg&quot;},{&quot;id&quot;:471,&quot;url&quot;:&quot;https:\\\/\\\/visitholar.is\\\/wp-content\\\/uploads\\\/DJI_0956.jpg&quot;},{&quot;id&quot;:606,&quot;url&quot;:&quot;https:\\\/\\\/visitholar.is\\\/wp-content\\\/uploads\\\/Holar-HG-9.jpg&quot;}],&quot;background_slideshow_ken_burns&quot;:&quot;yes&quot;,&quot;background_slideshow_loop&quot;:&quot;yes&quot;,&quot;background_slideshow_slide_duration&quot;:5000,&quot;background_slideshow_slide_transition&quot;:&quot;fade&quot;,&quot;background_slideshow_transition_duration&quot;:500,&quot;background_slideshow_ken_burns_zoom_direction&quot;:&quot;in&quot;,&quot;background_motion_fx_translateY_speed&quot;:{&quot;unit&quot;:&quot;px&quot;,&quot;size&quot;:4,&quot;sizes&quot;:[]},&quot;background_motion_fx_translateY_affectedRange&quot;:{&quot;unit&quot;:&quot;%&quot;,&quot;size&quot;:&quot;&quot;,&quot;sizes&quot;:{&quot;start&quot;:0,&quot;end&quot;:100}},&quot;background_motion_fx_devices&quot;:[&quot;desktop&quot;,&quot;tablet&quot;,&quot;mobile&quot;]}\">\n\t\t\t\t\t\t\t<div class=\"elementor-background-overlay\"><\/div>\n\t\t\t\t\t\t\t<div class=\"elementor-container elementor-column-gap-default\">\n\t\t\t\t\t<div class=\"elementor-column elementor-col-100 elementor-top-column elementor-element elementor-element-90d427b\" data-id=\"90d427b\" data-element_type=\"column\" data-e-type=\"column\">\n\t\t\t<div class=\"elementor-widget-wrap elementor-element-populated\">\n\t\t\t\t\t\t<div class=\"elementor-element elementor-element-1e706e9 elementor-widget elementor-widget-heading\" data-id=\"1e706e9\" data-element_type=\"widget\" data-e-type=\"widget\" data-widget_type=\"heading.default\">\n\t\t\t\t<div class=\"elementor-widget-container\">\n\t\t\t\t\t<h2 class=\"elementor-heading-title elementor-size-default\">Uppl\u00fdsingar<\/h2>\t\t\t\t<\/div>\n\t\t\t\t<\/div>\n\t\t\t\t\t<\/div>\n\t\t<\/div>\n\t\t\t\t\t<\/div>\n\t\t<\/section>\n\t\t\t\t<section class=\"elementor-section elementor-top-section elementor-element elementor-element-b5b047e elementor-section-boxed elementor-section-height-default elementor-section-height-default\" data-id=\"b5b047e\" data-element_type=\"section\" data-e-type=\"section\">\n\t\t\t\t\t\t<div class=\"elementor-container elementor-column-gap-default\">\n\t\t\t\t\t<div class=\"elementor-column elementor-col-33 elementor-top-column elementor-element elementor-element-a6e2e99\" data-id=\"a6e2e99\" data-element_type=\"column\" data-e-type=\"column\">\n\t\t\t<div class=\"elementor-widget-wrap elementor-element-populated\">\n\t\t\t\t\t\t<div class=\"elementor-element elementor-element-6bf12c0 elementor-widget elementor-widget-image\" data-id=\"6bf12c0\" data-element_type=\"widget\" data-e-type=\"widget\" data-widget_type=\"image.default\">\n\t\t\t\t<div class=\"elementor-widget-container\">\n\t\t\t\t\t\t\t\t\t\t\t\t\t\t\t<img fetchpriority=\"high\" decoding=\"async\" width=\"800\" height=\"534\" src=\"https:\/\/visitholar.is\/wp-content\/uploads\/f30c53_f9dc9fceb45e4ef993d7661fd1cc3993_mv2-1024x683.jpg\" class=\"attachment-large size-large wp-image-1661\" alt=\"\" srcset=\"https:\/\/visitholar.is\/wp-content\/uploads\/f30c53_f9dc9fceb45e4ef993d7661fd1cc3993_mv2-1024x683.jpg 1024w, https:\/\/visitholar.is\/wp-content\/uploads\/f30c53_f9dc9fceb45e4ef993d7661fd1cc3993_mv2-300x200.jpg 300w, https:\/\/visitholar.is\/wp-content\/uploads\/f30c53_f9dc9fceb45e4ef993d7661fd1cc3993_mv2-768x512.jpg 768w, https:\/\/visitholar.is\/wp-content\/uploads\/f30c53_f9dc9fceb45e4ef993d7661fd1cc3993_mv2-1536x1024.jpg 1536w, https:\/\/visitholar.is\/wp-content\/uploads\/f30c53_f9dc9fceb45e4ef993d7661fd1cc3993_mv2-2048x1365.jpg 2048w\" sizes=\"(max-width: 800px) 100vw, 800px\" \/>\t\t\t\t\t\t\t\t\t\t\t\t\t\t\t<\/div>\n\t\t\t\t<\/div>\n\t\t\t\t<div class=\"elementor-element elementor-element-98f3c43 elementor-widget elementor-widget-heading\" data-id=\"98f3c43\" data-element_type=\"widget\" data-e-type=\"widget\" data-widget_type=\"heading.default\">\n\t\t\t\t<div class=\"elementor-widget-container\">\n\t\t\t\t\t<h2 class=\"elementor-heading-title elementor-size-default\">Saga H\u00f3la<\/h2>\t\t\t\t<\/div>\n\t\t\t\t<\/div>\n\t\t\t\t<div class=\"elementor-element elementor-element-fb26b70 elementor-widget elementor-widget-text-editor\" data-id=\"fb26b70\" data-element_type=\"widget\" data-e-type=\"widget\" data-widget_type=\"text-editor.default\">\n\t\t\t\t<div class=\"elementor-widget-container\">\n\t\t\t\t\t\t\t\t\t<p class=\"font_8\">H\u00f3lar \u00ed Hjaltadal hafa veri\u00f0 eitt helsta menningar- og menntasetur landsins \u00ed hartn\u00e6r \u00fe\u00fasund \u00e1r. \u00dear er b\u00e6\u00f0i a\u00f0 finna H\u00e1sk\u00f3lann \u00e1 H\u00f3lum og H\u00f3lad\u00f3mkirkju sem er elsta steinkirkja \u00e1 \u00cdslandi.<\/p>\n<p>K\u00edktu \u00ed heims\u00f3kn a\u00f0 N\u00fdjab\u00e6, sem er fallegur torfb\u00e6r sem reistur var \u00e1ri\u00f0 1860, og l\u00e6r\u00f0u allt samspil manns og hests \u00ed \u00e1ranna r\u00e1s \u00e1 S\u00f6gusetri \u00edslenska hestsins.<\/p>\n<p>Ef \u00feorstinn s\u00e6kir a\u00f0 eftir annasaman dag er tilvali\u00f0 a\u00f0 nj\u00f3ta veitinga \u00e1 Bj\u00f3rsetri \u00cdslands, sem er minnsta \u00f6lger\u00f0 landsins!<\/p>\n\t\t\t\t\t\t\t\t<\/div>\n\t\t\t\t<\/div>\n\t\t\t\t\t<\/div>\n\t\t<\/div>\n\t\t\t\t<div class=\"elementor-column elementor-col-33 elementor-top-column elementor-element elementor-element-e8608df\" data-id=\"e8608df\" data-element_type=\"column\" data-e-type=\"column\">\n\t\t\t<div class=\"elementor-widget-wrap elementor-element-populated\">\n\t\t\t\t\t\t<div class=\"elementor-element elementor-element-83e6b52 elementor-widget elementor-widget-image\" data-id=\"83e6b52\" data-element_type=\"widget\" data-e-type=\"widget\" data-widget_type=\"image.default\">\n\t\t\t\t<div class=\"elementor-widget-container\">\n\t\t\t\t\t\t\t\t\t\t\t\t\t\t\t<img decoding=\"async\" width=\"360\" height=\"240\" src=\"https:\/\/visitholar.is\/wp-content\/uploads\/waterfall_small.jpg\" class=\"attachment-large size-large wp-image-1662\" alt=\"\" srcset=\"https:\/\/visitholar.is\/wp-content\/uploads\/waterfall_small.jpg 360w, https:\/\/visitholar.is\/wp-content\/uploads\/waterfall_small-300x200.jpg 300w\" sizes=\"(max-width: 360px) 100vw, 360px\" \/>\t\t\t\t\t\t\t\t\t\t\t\t\t\t\t<\/div>\n\t\t\t\t<\/div>\n\t\t\t\t<div class=\"elementor-element elementor-element-5ea17a6 elementor-widget elementor-widget-heading\" data-id=\"5ea17a6\" data-element_type=\"widget\" data-e-type=\"widget\" data-widget_type=\"heading.default\">\n\t\t\t\t<div class=\"elementor-widget-container\">\n\t\t\t\t\t<h2 class=\"elementor-heading-title elementor-size-default\">Einst\u00f6k n\u00e1tt\u00fara<\/h2>\t\t\t\t<\/div>\n\t\t\t\t<\/div>\n\t\t\t\t<div class=\"elementor-element elementor-element-ebd9b69 elementor-widget elementor-widget-text-editor\" data-id=\"ebd9b69\" data-element_type=\"widget\" data-e-type=\"widget\" data-widget_type=\"text-editor.default\">\n\t\t\t\t<div class=\"elementor-widget-container\">\n\t\t\t\t\t\t\t\t\t<p>Upplif\u00f0u fegur\u00f0 og kyrr\u00f0 sk\u00f3garins og hins s\u00f6gufr\u00e6ga Hjaltadals.<\/p>\n<p>Um H\u00f3la liggur fj\u00f6ldi g\u00f6ngulei\u00f0a sem henta b\u00e6\u00f0i \u00feeim sem vilja r\u00f6lta styttri vegalengdir og \u00feeim sem vilja kl\u00edfa tinda.<\/p>\n<p>Vi\u00f0 erum stolt af n\u00e1tt\u00farunni okkar og s\u00f6gunni \u00e1 sv\u00e6\u00f0inu og leggjum \u00e1herslu \u00e1 sj\u00e1lfb\u00e6rni og \u00e1byrga fer\u00f0a\u00fej\u00f3nustu.<\/p>\n\t\t\t\t\t\t\t\t<\/div>\n\t\t\t\t<\/div>\n\t\t\t\t\t<\/div>\n\t\t<\/div>\n\t\t\t\t<div class=\"elementor-column elementor-col-33 elementor-top-column elementor-element elementor-element-96791c6\" data-id=\"96791c6\" data-element_type=\"column\" data-e-type=\"column\">\n\t\t\t<div class=\"elementor-widget-wrap elementor-element-populated\">\n\t\t\t\t\t\t<div class=\"elementor-element elementor-element-57ba60b elementor-widget elementor-widget-image\" data-id=\"57ba60b\" data-element_type=\"widget\" data-e-type=\"widget\" data-widget_type=\"image.default\">\n\t\t\t\t<div class=\"elementor-widget-container\">\n\t\t\t\t\t\t\t\t\t\t\t\t\t\t\t<img decoding=\"async\" width=\"800\" height=\"534\" src=\"https:\/\/visitholar.is\/wp-content\/uploads\/f30c53_f074a26a99db4f10841b764a7b46833e_mv2-1024x683.jpg\" class=\"attachment-large size-large wp-image-1660\" alt=\"\" srcset=\"https:\/\/visitholar.is\/wp-content\/uploads\/f30c53_f074a26a99db4f10841b764a7b46833e_mv2-1024x683.jpg 1024w, https:\/\/visitholar.is\/wp-content\/uploads\/f30c53_f074a26a99db4f10841b764a7b46833e_mv2-300x200.jpg 300w, https:\/\/visitholar.is\/wp-content\/uploads\/f30c53_f074a26a99db4f10841b764a7b46833e_mv2-768x512.jpg 768w, https:\/\/visitholar.is\/wp-content\/uploads\/f30c53_f074a26a99db4f10841b764a7b46833e_mv2-1536x1024.jpg 1536w, https:\/\/visitholar.is\/wp-content\/uploads\/f30c53_f074a26a99db4f10841b764a7b46833e_mv2-2048x1365.jpg 2048w\" sizes=\"(max-width: 800px) 100vw, 800px\" \/>\t\t\t\t\t\t\t\t\t\t\t\t\t\t\t<\/div>\n\t\t\t\t<\/div>\n\t\t\t\t<div class=\"elementor-element elementor-element-904b7aa elementor-widget elementor-widget-heading\" data-id=\"904b7aa\" data-element_type=\"widget\" data-e-type=\"widget\" data-widget_type=\"heading.default\">\n\t\t\t\t<div class=\"elementor-widget-container\">\n\t\t\t\t\t<h2 class=\"elementor-heading-title elementor-size-default\">Sta\u00f0setning<\/h2>\t\t\t\t<\/div>\n\t\t\t\t<\/div>\n\t\t\t\t<div class=\"elementor-element elementor-element-edbd19e elementor-widget elementor-widget-text-editor\" data-id=\"edbd19e\" data-element_type=\"widget\" data-e-type=\"widget\" data-widget_type=\"text-editor.default\">\n\t\t\t\t<div class=\"elementor-widget-container\">\n\t\t\t\t\t\t\t\t\t<div id=\"tw-target-text-container\" class=\"tw-ta-container F0azHf tw-nfl\" tabindex=\"0\">\n<p id=\"tw-target-text\" class=\"tw-data-text tw-text-large tw-ta\" dir=\"ltr\" data-placeholder=\"\u00de\u00fd\u00f0ing\"><span class=\"Y2IQFc\" lang=\"is\">H\u00f3lar \u00ed Hjaltadal er l\u00edti\u00f0 h\u00e1sk\u00f3la\u00feorp, a\u00f0eins 11 km fr\u00e1 hringveginum. \u00dea\u00f0an er einungis 25 m\u00edn\u00fatna akstur a\u00f0 Sau\u00f0\u00e1rkr\u00f3ki og einn og h\u00e1lfur klukkut\u00edmi til Akureyrar. \u00c1 H\u00f3lum er \u00f3talmargt a\u00f0 sj\u00e1, kanna, l\u00e6ra og sko\u00f0a en \u00fear er jafnframt tilvali\u00f0 a\u00f0 gista ef \u00e1hugi er fyrir a\u00f0 kanna fleiri \u00e1hugaver\u00f0a sta\u00f0i \u00ed Skagafir\u00f0i.<\/span><\/p>\n<\/div>\n<div id=\"tw-target-rmn-container\" class=\"tw-target-rmn tw-ta-container F0azHf tw-nfl\">\n<p id=\"tw-target-rmn\" class=\"tw-data-placeholder tw-text-small tw-ta\" dir=\"ltr\">\n<\/div>\n\t\t\t\t\t\t\t\t<\/div>\n\t\t\t\t<\/div>\n\t\t\t\t\t<\/div>\n\t\t<\/div>\n\t\t\t\t\t<\/div>\n\t\t<\/section>\n\t\t\t\t<\/div>\n\t\t","protected":false},"excerpt":{"rendered":"<p>Uppl\u00fdsingar Saga H\u00f3la H\u00f3lar \u00ed Hjaltadal hafa veri\u00f0 eitt helsta menningar- og menntasetur landsins \u00ed hartn\u00e6r \u00fe\u00fasund \u00e1r. \u00dear er b\u00e6\u00f0i a\u00f0 finna H\u00e1sk\u00f3lann \u00e1 H\u00f3lum og H\u00f3lad\u00f3mkirkju sem er elsta steinkirkja \u00e1 \u00cdslandi. K\u00edktu \u00ed heims\u00f3kn a\u00f0 N\u00fdjab\u00e6, sem er fallegur torfb\u00e6r sem reistur var \u00e1ri\u00f0 1860, og l\u00e6r\u00f0u allt samspil manns og hests [&hellip;]<\/p>\n","protected":false},"author":1,"featured_media":0,"parent":0,"menu_order":0,"comment_status":"closed","ping_status":"closed","template":"","meta":{"footnotes":""},"class_list":["post-1456","page","type-page","status-publish","hentry"],"_links":{"self":[{"href":"https:\/\/visitholar.is\/is\/wp-json\/wp\/v2\/pages\/1456","targetHints":{"allow":["GET"]}}],"collection":[{"href":"https:\/\/visitholar.is\/is\/wp-json\/wp\/v2\/pages"}],"about":[{"href":"https:\/\/visitholar.is\/is\/wp-json\/wp\/v2\/types\/page"}],"author":[{"embeddable":true,"href":"https:\/\/visitholar.is\/is\/wp-json\/wp\/v2\/users\/1"}],"replies":[{"embeddable":true,"href":"https:\/\/visitholar.is\/is\/wp-json\/wp\/v2\/comments?post=1456"}],"version-history":[{"count":17,"href":"https:\/\/visitholar.is\/is\/wp-json\/wp\/v2\/pages\/1456\/revisions"}],"predecessor-version":[{"id":1560,"href":"https:\/\/visitholar.is\/is\/wp-json\/wp\/v2\/pages\/1456\/revisions\/1560"}],"wp:attachment":[{"href":"https:\/\/visitholar.is\/is\/wp-json\/wp\/v2\/media?parent=1456"}],"curies":[{"name":"wp","href":"https:\/\/api.w.org\/{rel}","templated":true}]}}