{"id":1518,"date":"2021-12-10T15:29:26","date_gmt":"2021-12-10T15:29:26","guid":{"rendered":"https:\/\/visitholar.is\/abyrg-ferdathjonusta\/"},"modified":"2024-03-19T13:13:37","modified_gmt":"2024-03-19T13:13:37","slug":"abyrg-ferdathjonusta","status":"publish","type":"page","link":"https:\/\/visitholar.is\/is\/abyrg-ferdathjonusta\/","title":{"rendered":"\u00c1byrg fer\u00f0a\u00fej\u00f3nusta"},"content":{"rendered":"\t\t<div data-elementor-type=\"wp-page\" data-elementor-id=\"1518\" class=\"elementor elementor-1518 elementor-1381\" data-elementor-post-type=\"page\">\n\t\t\t\t\t\t<section class=\"elementor-section elementor-top-section elementor-element elementor-element-f9cb4bb elementor-section-boxed elementor-section-height-default elementor-section-height-default\" data-id=\"f9cb4bb\" data-element_type=\"section\" data-e-type=\"section\">\n\t\t\t\t\t\t<div class=\"elementor-container elementor-column-gap-default\">\n\t\t\t\t\t<div class=\"elementor-column elementor-col-100 elementor-top-column elementor-element elementor-element-1738ca9\" data-id=\"1738ca9\" data-element_type=\"column\" data-e-type=\"column\">\n\t\t\t<div class=\"elementor-widget-wrap elementor-element-populated\">\n\t\t\t\t\t\t<div class=\"elementor-element elementor-element-9da744e elementor-widget elementor-widget-image\" data-id=\"9da744e\" data-element_type=\"widget\" data-e-type=\"widget\" data-widget_type=\"image.default\">\n\t\t\t\t<div class=\"elementor-widget-container\">\n\t\t\t\t\t\t\t\t\t\t\t\t<figure class=\"wp-caption\">\n\t\t\t\t\t\t\t\t\t\t<img fetchpriority=\"high\" decoding=\"async\" width=\"225\" height=\"300\" src=\"https:\/\/visitholar.is\/wp-content\/uploads\/IMG-1694-225x300.jpg\" class=\"attachment-medium size-medium wp-image-1387\" alt=\"\" srcset=\"https:\/\/visitholar.is\/wp-content\/uploads\/IMG-1694-225x300.jpg 225w, https:\/\/visitholar.is\/wp-content\/uploads\/IMG-1694.jpg 679w\" sizes=\"(max-width: 225px) 100vw, 225px\" \/>\t\t\t\t\t\t\t\t\t\t\t<figcaption class=\"widget-image-caption wp-caption-text\">Framkv\u00e6mdastj\u00f3ri Hjaltadals fer\u00f0a\u00fej\u00f3nustu, G\u00fastaf G\u00fastafsson, er me\u00f0 MSc gr\u00e1\u00f0u \u00ed stj\u00f3rnun \u00e1byrgrar fer\u00f0a\u00fej\u00f3nustu og vinnur n\u00fa a\u00f0 doktorsgr\u00e1\u00f0u \u00ed sama fagi. Hann er einnig a\u00f0j\u00fankt vi\u00f0 H\u00e1sk\u00f3lann \u00e1 H\u00f3lum.<\/figcaption>\n\t\t\t\t\t\t\t\t\t\t<\/figure>\n\t\t\t\t\t\t\t\t\t<\/div>\n\t\t\t\t<\/div>\n\t\t\t\t\t<\/div>\n\t\t<\/div>\n\t\t\t\t\t<\/div>\n\t\t<\/section>\n\t\t\t\t<section class=\"elementor-section elementor-top-section elementor-element elementor-element-24861a0 elementor-section-boxed elementor-section-height-default elementor-section-height-default\" data-id=\"24861a0\" data-element_type=\"section\" data-e-type=\"section\">\n\t\t\t\t\t\t<div class=\"elementor-container elementor-column-gap-default\">\n\t\t\t\t\t<div class=\"elementor-column elementor-col-100 elementor-top-column elementor-element elementor-element-28ad279\" data-id=\"28ad279\" data-element_type=\"column\" data-e-type=\"column\">\n\t\t\t<div class=\"elementor-widget-wrap elementor-element-populated\">\n\t\t\t\t\t\t<div class=\"elementor-element elementor-element-7b7070e elementor-widget elementor-widget-text-editor\" data-id=\"7b7070e\" data-element_type=\"widget\" data-e-type=\"widget\" data-widget_type=\"text-editor.default\">\n\t\t\t\t<div class=\"elementor-widget-container\">\n\t\t\t\t\t\t\t\t\tMarkmi\u00f0 okkar er a\u00f0 gera H\u00f3la \u200b\u200ba\u00f0 betri sta\u00f0 til a\u00f0 b\u00faa \u00e1 og \u00fear me\u00f0 a\u00f0 betri sta\u00f0 til a\u00f0 heims\u00e6kja. Vi\u00f0 stundum <strong>\u00e1byrga fer\u00f0a\u00fej\u00f3nustu<\/strong> sem lei\u00f0ir okkur a\u00f0 sj\u00e1lfb\u00e6rari framt\u00ed\u00f0.\r\n\r\nVi\u00f0 berum \u00e1byrg\u00f0 \u00e1 gestum okkar, starfsf\u00f3lki og \u00f6\u00f0rum hagsmunaa\u00f0ilum, rekstri okkar og \u00e1hrifum \u00e1 n\u00e6rsamf\u00e9lagi\u00f0 sem og v\u00ed\u00f0ar.\r\n\r\nVi\u00f0 gerum okkur grein fyrir \u00fev\u00ed a\u00f0 \u00fea\u00f0 er mikilv\u00e6gt a\u00f0 skapa t\u00e6kif\u00e6ri fyrir f\u00f3lki\u00f0 a\u00f0 H\u00f3lum, huga a\u00f0 \u00fe\u00f6rfum \u00feeirra og hafa hagsmunaa\u00f0ila \u00e1 sv\u00e6\u00f0inu me\u00f0 \u00ed \u00e1kvar\u00f0anat\u00f6kuferli okkar. Vi\u00f0 leggjum einnig \u00e1herslu \u00e1 sanngjarna skiptingu efnahagslegs gr\u00f3\u00f0a.\r\n\r\n\u00cd samr\u00e6mi vi\u00f0 markmi\u00f0 okkar um sj\u00e1lfb\u00e6rni b\u00fd\u00f0ur matse\u00f0illinn okkar upp \u00e1 mat sem er a\u00f0 mestu framleiddur \u00e1 sv\u00e6\u00f0inu og vi\u00f0 reynum a\u00f0 l\u00e1gmarka matars\u00f3un og a\u00f0ra s\u00f3un. Vi\u00f0 bj\u00f3\u00f0um vi\u00f0skiptavinum okkar sanngjarnt ver\u00f0 og komum fram vi\u00f0 starfsf\u00f3lk okkar af sanngirni \u2013 og vi\u00f0 erum vitaskuld \u00e1 m\u00f3ti allri mismunun.\r\n\r\nVi\u00f0 h\u00f6fum n\u00e1\u00f0 umtalsver\u00f0um \u00e1rangri \u00e1 s\u00ed\u00f0astli\u00f0nu \u00e1ri vi\u00f0 a\u00f0 skilgreina verkefni okkar til a\u00f0 s\u00fdna enn meiri \u00e1byrg\u00f0. Markmi\u00f0 okkar er a\u00f0 segja fr\u00e1 a\u00f0ger\u00f0um okkar og starfsemi me\u00f0 reglubundnum h\u00e6tti \u00e1 sk\u00fdran og a\u00f0gengilegan h\u00e1tt.\r\n\r\n\u00c1ri\u00f0 2024 vonumst vi\u00f0 til a\u00f0 halda vegfer\u00f0 okkar \u00ed \u00e1tt a\u00f0 meiri sj\u00e1lfb\u00e6rni \u00e1fram og h\u00f6fum sett okkur spennandi markmi\u00f0 \u00ed \u00feeim efnum. Vi\u00f0 vonumst einnig til a\u00f0 skilgreina hver eru mikilv\u00e6gustu vi\u00f0fangsefnin var\u00f0andi \u00e1byrga fer\u00f0a\u00fej\u00f3nustu \u00ed samvinnu vi\u00f0 hagsmunaa\u00f0ila h\u00e9r \u00e1 H\u00f3lum sem ver\u00f0ur lei\u00f0beinandi fyrir okkur og samstarfsa\u00f0ila okkar.\r\n\r\nFyrir \u00e1rslok 2024 stefnum vi\u00f0 a\u00f0 \u00fev\u00ed a\u00f0 b\u00e6ta a\u00f0gengi fyrir f\u00f3lk sem b\u00fdr vi\u00f0 skerta hreyfigetu og a\u00f0 minnsta kosti tv\u00f6 af gistir\u00fdmum okkar muni \u00fe\u00e1 hafa gott a\u00f0gengi fyrir alla.\r\n\r\n<strong>COVID &#8211; 19:<\/strong> Vi\u00f0 f\u00f6rum eftir r\u00e1\u00f0leggingum \u00edslenskra yfirvarlda hva\u00f0 var\u00f0ar s\u00f3ttvarnir, sem og \u00feeim r\u00e1\u00f0leggingum sem gefnar eru \u00fat af Fer\u00f0am\u00e1lastofu og World Travel &amp; Tourism Counsil, til a\u00f0 l\u00e1gmarka \u00e1h\u00e6ttu og tryggja velfer\u00f0 allra sem b\u00faa \u00e1 H\u00f3lum e\u00f0a s\u00e6kja \u00fe\u00e1 heim.\r\n\r\n&nbsp;\t\t\t\t\t\t\t\t<\/div>\n\t\t\t\t<\/div>\n\t\t\t\t\t<\/div>\n\t\t<\/div>\n\t\t\t\t\t<\/div>\n\t\t<\/section>\n\t\t\t\t<\/div>\n\t\t","protected":false},"excerpt":{"rendered":"<p>Framkv\u00e6mdastj\u00f3ri Hjaltadals fer\u00f0a\u00fej\u00f3nustu, G\u00fastaf G\u00fastafsson, er me\u00f0 MSc gr\u00e1\u00f0u \u00ed stj\u00f3rnun \u00e1byrgrar fer\u00f0a\u00fej\u00f3nustu og vinnur n\u00fa a\u00f0 doktorsgr\u00e1\u00f0u \u00ed sama fagi. Hann er einnig a\u00f0j\u00fankt vi\u00f0 H\u00e1sk\u00f3lann \u00e1 H\u00f3lum. Markmi\u00f0 okkar er a\u00f0 gera H\u00f3la \u200b\u200ba\u00f0 betri sta\u00f0 til a\u00f0 b\u00faa \u00e1 og \u00fear me\u00f0 a\u00f0 betri sta\u00f0 til a\u00f0 heims\u00e6kja. Vi\u00f0 stundum \u00e1byrga fer\u00f0a\u00fej\u00f3nustu [&hellip;]<\/p>\n","protected":false},"author":4,"featured_media":0,"parent":0,"menu_order":0,"comment_status":"closed","ping_status":"closed","template":"","meta":{"footnotes":""},"class_list":["post-1518","page","type-page","status-publish","hentry"],"_links":{"self":[{"href":"https:\/\/visitholar.is\/is\/wp-json\/wp\/v2\/pages\/1518","targetHints":{"allow":["GET"]}}],"collection":[{"href":"https:\/\/visitholar.is\/is\/wp-json\/wp\/v2\/pages"}],"about":[{"href":"https:\/\/visitholar.is\/is\/wp-json\/wp\/v2\/types\/page"}],"author":[{"embeddable":true,"href":"https:\/\/visitholar.is\/is\/wp-json\/wp\/v2\/users\/4"}],"replies":[{"embeddable":true,"href":"https:\/\/visitholar.is\/is\/wp-json\/wp\/v2\/comments?post=1518"}],"version-history":[{"count":13,"href":"https:\/\/visitholar.is\/is\/wp-json\/wp\/v2\/pages\/1518\/revisions"}],"predecessor-version":[{"id":2369,"href":"https:\/\/visitholar.is\/is\/wp-json\/wp\/v2\/pages\/1518\/revisions\/2369"}],"wp:attachment":[{"href":"https:\/\/visitholar.is\/is\/wp-json\/wp\/v2\/media?parent=1518"}],"curies":[{"name":"wp","href":"https:\/\/api.w.org\/{rel}","templated":true}]}}